{"id":40,"date":"2025-02-25T10:07:36","date_gmt":"2025-02-25T10:07:36","guid":{"rendered":"https:\/\/ikusi-makusi-news.rkinformatika.online\/?page_id=40"},"modified":"2025-11-07T15:30:21","modified_gmt":"2025-11-07T15:30:21","slug":"servicios","status":"publish","type":"page","link":"https:\/\/ikusi-makusi-news.com\/eu\/servicios\/","title":{"rendered":"Zerbitzuak"},"content":{"rendered":"<div data-elementor-type=\"wp-post\" data-elementor-id=\"40\" class=\"elementor elementor-40\" data-elementor-post-type=\"page\">\n\t\t\t\t<div class=\"elementor-element elementor-element-8811dd7 e-con-full e-flex e-con e-parent\" data-id=\"8811dd7\" data-element_type=\"container\" data-e-type=\"container\" data-settings=\"{&quot;background_background&quot;:&quot;classic&quot;}\">\n\t\t\t\t<\/div>\n\t\t<div class=\"elementor-element elementor-element-6823bd3 e-flex e-con-boxed e-con e-parent\" data-id=\"6823bd3\" data-element_type=\"container\" data-e-type=\"container\">\n\t\t\t\t\t<div class=\"e-con-inner\">\n\t\t\t\t<div class=\"elementor-element elementor-element-28f0303 elementor-widget elementor-widget-heading\" data-id=\"28f0303\" data-element_type=\"widget\" data-e-type=\"widget\" data-widget_type=\"heading.default\">\n\t\t\t\t<div class=\"elementor-widget-container\">\n\t\t\t\t\t<h2 class=\"elementor-heading-title elementor-size-default\">Zerbitzuak<\/h2>\t\t\t\t<\/div>\n\t\t\t\t<\/div>\n\t\t\t\t<div class=\"elementor-element elementor-element-fc0cb37 elementor-widget-divider--view-line elementor-widget elementor-widget-divider\" data-id=\"fc0cb37\" data-element_type=\"widget\" data-e-type=\"widget\" data-widget_type=\"divider.default\">\n\t\t\t\t<div class=\"elementor-widget-container\">\n\t\t\t\t\t\t\t<div class=\"elementor-divider\">\n\t\t\t<span class=\"elementor-divider-separator\">\n\t\t\t\t\t\t<\/span>\n\t\t<\/div>\n\t\t\t\t\t\t<\/div>\n\t\t\t\t<\/div>\n\t\t\t\t\t<\/div>\n\t\t\t\t<\/div>\n\t\t<div class=\"elementor-element elementor-element-611c06b e-flex e-con-boxed e-con e-parent\" data-id=\"611c06b\" data-element_type=\"container\" data-e-type=\"container\">\n\t\t\t\t\t<div class=\"e-con-inner\">\n\t\t<div class=\"elementor-element elementor-element-2abd006 e-con-full e-flex elementor-invisible e-con e-child\" data-id=\"2abd006\" data-element_type=\"container\" data-e-type=\"container\" data-settings=\"{&quot;animation&quot;:&quot;bounceInLeft&quot;}\">\n\t\t\t\t<div class=\"elementor-element elementor-element-b660f1f elementor-widget elementor-widget-heading\" data-id=\"b660f1f\" data-element_type=\"widget\" data-e-type=\"widget\" data-widget_type=\"heading.default\">\n\t\t\t\t<div class=\"elementor-widget-container\">\n\t\t\t\t\t<p class=\"elementor-heading-title elementor-size-default\">Venta de prensa y revistas<\/p>\t\t\t\t<\/div>\n\t\t\t\t<\/div>\n\t\t\t\t<div class=\"elementor-element elementor-element-eb3b28e elementor-widget elementor-widget-image\" data-id=\"eb3b28e\" data-element_type=\"widget\" data-e-type=\"widget\" data-widget_type=\"image.default\">\n\t\t\t\t<div class=\"elementor-widget-container\">\n\t\t\t\t\t\t\t\t\t\t\t\t\t\t\t<img fetchpriority=\"high\" decoding=\"async\" width=\"800\" height=\"534\" src=\"https:\/\/ikusi-makusi-news.com\/wp-content\/uploads\/2025\/02\/revistaspila2-1024x684.jpg\" class=\"attachment-large size-large wp-image-148\" alt=\"\" srcset=\"https:\/\/ikusi-makusi-news.com\/wp-content\/uploads\/2025\/02\/revistaspila2-1024x684.jpg 1024w, https:\/\/ikusi-makusi-news.com\/wp-content\/uploads\/2025\/02\/revistaspila2-300x200.jpg 300w, https:\/\/ikusi-makusi-news.com\/wp-content\/uploads\/2025\/02\/revistaspila2-768x513.jpg 768w, https:\/\/ikusi-makusi-news.com\/wp-content\/uploads\/2025\/02\/revistaspila2-1536x1025.jpg 1536w, https:\/\/ikusi-makusi-news.com\/wp-content\/uploads\/2025\/02\/revistaspila2-2048x1367.jpg 2048w, https:\/\/ikusi-makusi-news.com\/wp-content\/uploads\/2025\/02\/revistaspila2-18x12.jpg 18w\" sizes=\"(max-width: 800px) 100vw, 800px\" \/>\t\t\t\t\t\t\t\t\t\t\t\t\t\t\t<\/div>\n\t\t\t\t<\/div>\n\t\t\t\t<div class=\"elementor-element elementor-element-9965f78 elementor-widget elementor-widget-text-editor\" data-id=\"9965f78\" data-element_type=\"widget\" data-e-type=\"widget\" data-widget_type=\"text-editor.default\">\n\t\t\t\t<div class=\"elementor-widget-container\">\n\t\t\t\t\t\t\t\t\t<p>Disponemos de una selecci\u00f3n actualizada de <strong data-start=\"301\" data-end=\"315\">peri\u00f3dicos<\/strong> de tirada nacional e internacional, as\u00ed como publicaciones locales y especializadas. Tambi\u00e9n ofrecemos <strong data-start=\"419\" data-end=\"453\">revistas de diversas tem\u00e1ticas<\/strong>, incluyendo moda, deporte, tecnolog\u00eda, ciencia, historia, cine, videojuegos, gastronom\u00eda y m\u00e1s&#8230;<\/p>\t\t\t\t\t\t\t\t<\/div>\n\t\t\t\t<\/div>\n\t\t\t\t<\/div>\n\t\t<div class=\"elementor-element elementor-element-3effd9b e-con-full e-flex elementor-invisible e-con e-child\" data-id=\"3effd9b\" data-element_type=\"container\" data-e-type=\"container\" data-settings=\"{&quot;animation&quot;:&quot;bounceIn&quot;}\">\n\t\t\t\t<div class=\"elementor-element elementor-element-a940e68 elementor-widget elementor-widget-heading\" data-id=\"a940e68\" data-element_type=\"widget\" data-e-type=\"widget\" data-widget_type=\"heading.default\">\n\t\t\t\t<div class=\"elementor-widget-container\">\n\t\t\t\t\t<p class=\"elementor-heading-title elementor-size-default\">Colecciones y art\u00edculos de colecci\u00f3n<\/p>\t\t\t\t<\/div>\n\t\t\t\t<\/div>\n\t\t\t\t<div class=\"elementor-element elementor-element-50f5d18 elementor-widget elementor-widget-image\" data-id=\"50f5d18\" data-element_type=\"widget\" data-e-type=\"widget\" data-widget_type=\"image.default\">\n\t\t\t\t<div class=\"elementor-widget-container\">\n\t\t\t\t\t\t\t\t\t\t\t\t\t\t\t<img decoding=\"async\" width=\"800\" height=\"534\" src=\"https:\/\/ikusi-makusi-news.com\/wp-content\/uploads\/2025\/02\/101473-1024x683.jpg\" class=\"attachment-large size-large wp-image-272\" alt=\"\" srcset=\"https:\/\/ikusi-makusi-news.com\/wp-content\/uploads\/2025\/02\/101473-1024x683.jpg 1024w, https:\/\/ikusi-makusi-news.com\/wp-content\/uploads\/2025\/02\/101473-300x200.jpg 300w, https:\/\/ikusi-makusi-news.com\/wp-content\/uploads\/2025\/02\/101473-768x512.jpg 768w, https:\/\/ikusi-makusi-news.com\/wp-content\/uploads\/2025\/02\/101473-18x12.jpg 18w, https:\/\/ikusi-makusi-news.com\/wp-content\/uploads\/2025\/02\/101473.jpg 1500w\" sizes=\"(max-width: 800px) 100vw, 800px\" \/>\t\t\t\t\t\t\t\t\t\t\t\t\t\t\t<\/div>\n\t\t\t\t<\/div>\n\t\t\t\t<div class=\"elementor-element elementor-element-0eb949e elementor-widget elementor-widget-text-editor\" data-id=\"0eb949e\" data-element_type=\"widget\" data-e-type=\"widget\" data-widget_type=\"text-editor.default\">\n\t\t\t\t<div class=\"elementor-widget-container\">\n\t\t\t\t\t\t\t\t\t<p data-start=\"1123\" data-end=\"1270\">Nos especializamos en la venta de <strong data-start=\"1157\" data-end=\"1182\">colecciones tem\u00e1ticas<\/strong> para aficionados y coleccionistas. Entre los productos m\u00e1s solicitados se encuentran:<\/p><p data-start=\"1123\" data-end=\"1270\">Figuras de superh\u00e9roes<\/p><p data-start=\"1123\" data-end=\"1270\">Coches y motos a escala<\/p><p data-start=\"1123\" data-end=\"1270\">Mu\u00f1ecas de colecci\u00f3n<\/p><p data-start=\"1123\" data-end=\"1270\">Fasc\u00edculos coleccionables<\/p>\t\t\t\t\t\t\t\t<\/div>\n\t\t\t\t<\/div>\n\t\t\t\t<\/div>\n\t\t<div class=\"elementor-element elementor-element-f58d816 e-con-full e-flex elementor-invisible e-con e-child\" data-id=\"f58d816\" data-element_type=\"container\" data-e-type=\"container\" data-settings=\"{&quot;animation&quot;:&quot;bounceInRight&quot;}\">\n\t\t\t\t<div class=\"elementor-element elementor-element-ffab9b8 elementor-widget elementor-widget-heading\" data-id=\"ffab9b8\" data-element_type=\"widget\" data-e-type=\"widget\" data-widget_type=\"heading.default\">\n\t\t\t\t<div class=\"elementor-widget-container\">\n\t\t\t\t\t<p class=\"elementor-heading-title elementor-size-default\">Libros y literatura<\/p>\t\t\t\t<\/div>\n\t\t\t\t<\/div>\n\t\t\t\t<div class=\"elementor-element elementor-element-f330c7f elementor-widget elementor-widget-image\" data-id=\"f330c7f\" data-element_type=\"widget\" data-e-type=\"widget\" data-widget_type=\"image.default\">\n\t\t\t\t<div class=\"elementor-widget-container\">\n\t\t\t\t\t\t\t\t\t\t\t\t\t\t\t<img decoding=\"async\" width=\"800\" height=\"534\" src=\"https:\/\/ikusi-makusi-news.com\/wp-content\/uploads\/2025\/02\/2147690555-1024x683.jpg\" class=\"attachment-large size-large wp-image-268\" alt=\"\" srcset=\"https:\/\/ikusi-makusi-news.com\/wp-content\/uploads\/2025\/02\/2147690555-1024x683.jpg 1024w, https:\/\/ikusi-makusi-news.com\/wp-content\/uploads\/2025\/02\/2147690555-300x200.jpg 300w, https:\/\/ikusi-makusi-news.com\/wp-content\/uploads\/2025\/02\/2147690555-768x512.jpg 768w, https:\/\/ikusi-makusi-news.com\/wp-content\/uploads\/2025\/02\/2147690555-18x12.jpg 18w, https:\/\/ikusi-makusi-news.com\/wp-content\/uploads\/2025\/02\/2147690555.jpg 1500w\" sizes=\"(max-width: 800px) 100vw, 800px\" \/>\t\t\t\t\t\t\t\t\t\t\t\t\t\t\t<\/div>\n\t\t\t\t<\/div>\n\t\t\t\t<div class=\"elementor-element elementor-element-6075025 elementor-widget elementor-widget-text-editor\" data-id=\"6075025\" data-element_type=\"widget\" data-e-type=\"widget\" data-widget_type=\"text-editor.default\">\n\t\t\t\t<div class=\"elementor-widget-container\">\n\t\t\t\t\t\t\t\t\t<p data-start=\"1123\" data-end=\"1270\">En nuestra tienda, los clientes pueden encontrar <strong data-start=\"755\" data-end=\"788\">una amplia variedad de libros<\/strong> que abarcan distintos g\u00e9neros y p\u00fablicos. Ofrecemos novelas contempor\u00e1neas y cl\u00e1sicas, literatura infantil y juvenil, ensayos, biograf\u00edas, c\u00f3mics, manga y ediciones especiales de grandes obras.\u00a0<\/p>\t\t\t\t\t\t\t\t<\/div>\n\t\t\t\t<\/div>\n\t\t\t\t<\/div>\n\t\t<div class=\"elementor-element elementor-element-7e62e84 e-con-full e-flex elementor-invisible e-con e-child\" data-id=\"7e62e84\" data-element_type=\"container\" data-e-type=\"container\" data-settings=\"{&quot;animation&quot;:&quot;bounceInLeft&quot;}\">\n\t\t\t\t<div class=\"elementor-element elementor-element-08102ef elementor-widget elementor-widget-heading\" data-id=\"08102ef\" data-element_type=\"widget\" data-e-type=\"widget\" data-widget_type=\"heading.default\">\n\t\t\t\t<div class=\"elementor-widget-container\">\n\t\t\t\t\t<p class=\"elementor-heading-title elementor-size-default\">Gesti\u00f3n y atenci\u00f3n al cliente<\/p>\t\t\t\t<\/div>\n\t\t\t\t<\/div>\n\t\t\t\t<div class=\"elementor-element elementor-element-1e4132d elementor-widget elementor-widget-image\" data-id=\"1e4132d\" data-element_type=\"widget\" data-e-type=\"widget\" data-widget_type=\"image.default\">\n\t\t\t\t<div class=\"elementor-widget-container\">\n\t\t\t\t\t\t\t\t\t\t\t\t\t\t\t<img loading=\"lazy\" decoding=\"async\" width=\"800\" height=\"534\" src=\"https:\/\/ikusi-makusi-news.com\/wp-content\/uploads\/2025\/02\/2147713795-1024x683.jpg\" class=\"attachment-large size-large wp-image-276\" alt=\"\" srcset=\"https:\/\/ikusi-makusi-news.com\/wp-content\/uploads\/2025\/02\/2147713795-1024x683.jpg 1024w, https:\/\/ikusi-makusi-news.com\/wp-content\/uploads\/2025\/02\/2147713795-300x200.jpg 300w, https:\/\/ikusi-makusi-news.com\/wp-content\/uploads\/2025\/02\/2147713795-768x512.jpg 768w, https:\/\/ikusi-makusi-news.com\/wp-content\/uploads\/2025\/02\/2147713795-18x12.jpg 18w, https:\/\/ikusi-makusi-news.com\/wp-content\/uploads\/2025\/02\/2147713795.jpg 1500w\" sizes=\"(max-width: 800px) 100vw, 800px\" \/>\t\t\t\t\t\t\t\t\t\t\t\t\t\t\t<\/div>\n\t\t\t\t<\/div>\n\t\t\t\t<div class=\"elementor-element elementor-element-5aed0a9 elementor-widget elementor-widget-text-editor\" data-id=\"5aed0a9\" data-element_type=\"widget\" data-e-type=\"widget\" data-widget_type=\"text-editor.default\">\n\t\t\t\t<div class=\"elementor-widget-container\">\n\t\t\t\t\t\t\t\t\t<p>Nos encargamos de la <strong data-start=\"1738\" data-end=\"1776\">organizaci\u00f3n y reposici\u00f3n de stock<\/strong>, asegurando que los productos est\u00e9n siempre disponibles y en perfecto estado. Adem\u00e1s, brindamos <strong data-start=\"1873\" data-end=\"1904\">asesoramiento personalizado<\/strong>, ayudando a los clientes a encontrar ediciones espec\u00edficas, productos en preventa o n\u00fameros atrasados de revistas y fasc\u00edculos.<\/p>\t\t\t\t\t\t\t\t<\/div>\n\t\t\t\t<\/div>\n\t\t\t\t<\/div>\n\t\t<div class=\"elementor-element elementor-element-ba71ebf e-con-full e-flex elementor-invisible e-con e-child\" data-id=\"ba71ebf\" data-element_type=\"container\" data-e-type=\"container\" data-settings=\"{&quot;animation&quot;:&quot;bounceInUp&quot;}\">\n\t\t\t\t<div class=\"elementor-element elementor-element-6e68011 elementor-widget elementor-widget-heading\" data-id=\"6e68011\" data-element_type=\"widget\" data-e-type=\"widget\" data-widget_type=\"heading.default\">\n\t\t\t\t<div class=\"elementor-widget-container\">\n\t\t\t\t\t<p class=\"elementor-heading-title elementor-size-default\">Compromiso con el cliente<\/p>\t\t\t\t<\/div>\n\t\t\t\t<\/div>\n\t\t\t\t<div class=\"elementor-element elementor-element-a9a25cf elementor-widget elementor-widget-image\" data-id=\"a9a25cf\" data-element_type=\"widget\" data-e-type=\"widget\" data-widget_type=\"image.default\">\n\t\t\t\t<div class=\"elementor-widget-container\">\n\t\t\t\t\t\t\t\t\t\t\t\t\t\t\t<img loading=\"lazy\" decoding=\"async\" width=\"800\" height=\"534\" src=\"https:\/\/ikusi-makusi-news.com\/wp-content\/uploads\/2025\/02\/2147846732-1024x683.jpg\" class=\"attachment-large size-large wp-image-277\" alt=\"\" srcset=\"https:\/\/ikusi-makusi-news.com\/wp-content\/uploads\/2025\/02\/2147846732-1024x683.jpg 1024w, https:\/\/ikusi-makusi-news.com\/wp-content\/uploads\/2025\/02\/2147846732-300x200.jpg 300w, https:\/\/ikusi-makusi-news.com\/wp-content\/uploads\/2025\/02\/2147846732-768x512.jpg 768w, https:\/\/ikusi-makusi-news.com\/wp-content\/uploads\/2025\/02\/2147846732-18x12.jpg 18w, https:\/\/ikusi-makusi-news.com\/wp-content\/uploads\/2025\/02\/2147846732.jpg 1500w\" sizes=\"(max-width: 800px) 100vw, 800px\" \/>\t\t\t\t\t\t\t\t\t\t\t\t\t\t\t<\/div>\n\t\t\t\t<\/div>\n\t\t\t\t<div class=\"elementor-element elementor-element-2b6a33d elementor-widget elementor-widget-text-editor\" data-id=\"2b6a33d\" data-element_type=\"widget\" data-e-type=\"widget\" data-widget_type=\"text-editor.default\">\n\t\t\t\t<div class=\"elementor-widget-container\">\n\t\t\t\t\t\t\t\t\t<p>Non <strong data-start=\"2075\" data-end=\"2091\">Ikusi Makusi<\/strong>, nos esforzamos por ofrecer un servicio <strong data-start=\"2132\" data-end=\"2173\">personalizado, eficiente y de calidad<\/strong>, manteniendo informados a nuestros clientes sobre novedades, lanzamientos y promociones especiales. Nuestro objetivo es garantizar una experiencia de compra satisfactoria, fomentando el acceso a la lectura y el coleccionismo con productos de alto valor cultural y entretenimiento.<\/p>\t\t\t\t\t\t\t\t<\/div>\n\t\t\t\t<\/div>\n\t\t\t\t<\/div>\n\t\t<div class=\"elementor-element elementor-element-f80b2af e-con-full e-flex elementor-invisible e-con e-child\" data-id=\"f80b2af\" data-element_type=\"container\" data-e-type=\"container\" data-settings=\"{&quot;animation&quot;:&quot;bounceInRight&quot;}\">\n\t\t\t\t<div class=\"elementor-element elementor-element-c67cf42 elementor-widget elementor-widget-heading\" data-id=\"c67cf42\" data-element_type=\"widget\" data-e-type=\"widget\" data-widget_type=\"heading.default\">\n\t\t\t\t<div class=\"elementor-widget-container\">\n\t\t\t\t\t<p class=\"elementor-heading-title elementor-size-default\">Servicio de reserva y suscripci\u00f3n<\/p>\t\t\t\t<\/div>\n\t\t\t\t<\/div>\n\t\t\t\t<div class=\"elementor-element elementor-element-36f22a1 elementor-widget elementor-widget-image\" data-id=\"36f22a1\" data-element_type=\"widget\" data-e-type=\"widget\" data-widget_type=\"image.default\">\n\t\t\t\t<div class=\"elementor-widget-container\">\n\t\t\t\t\t\t\t\t\t\t\t\t\t\t\t<img loading=\"lazy\" decoding=\"async\" width=\"1500\" height=\"1000\" src=\"https:\/\/ikusi-makusi-news.com\/wp-content\/uploads\/2025\/02\/2147848187.jpg\" class=\"attachment-1536x1536 size-1536x1536 wp-image-278\" alt=\"\" srcset=\"https:\/\/ikusi-makusi-news.com\/wp-content\/uploads\/2025\/02\/2147848187.jpg 1500w, https:\/\/ikusi-makusi-news.com\/wp-content\/uploads\/2025\/02\/2147848187-300x200.jpg 300w, https:\/\/ikusi-makusi-news.com\/wp-content\/uploads\/2025\/02\/2147848187-1024x683.jpg 1024w, https:\/\/ikusi-makusi-news.com\/wp-content\/uploads\/2025\/02\/2147848187-768x512.jpg 768w, https:\/\/ikusi-makusi-news.com\/wp-content\/uploads\/2025\/02\/2147848187-18x12.jpg 18w\" sizes=\"(max-width: 1500px) 100vw, 1500px\" \/>\t\t\t\t\t\t\t\t\t\t\t\t\t\t\t<\/div>\n\t\t\t\t<\/div>\n\t\t\t\t<div class=\"elementor-element elementor-element-f4db500 elementor-widget elementor-widget-text-editor\" data-id=\"f4db500\" data-element_type=\"widget\" data-e-type=\"widget\" data-widget_type=\"text-editor.default\">\n\t\t\t\t<div class=\"elementor-widget-container\">\n\t\t\t\t\t\t\t\t\t<p>Para garantizar que nuestros clientes siempre tengan acceso a sus productos favoritos, ofrecemos la posibilidad de <strong data-start=\"339\" data-end=\"394\">reservar peri\u00f3dicos, revistas, libros o colecciones<\/strong> con antelaci\u00f3n. Este servicio es ideal para aquellos que desean asegurarse de recibir ediciones limitadas, fasc\u00edculos de coleccionables o n\u00fameros especiales de publicaciones.<\/p>\t\t\t\t\t\t\t\t<\/div>\n\t\t\t\t<\/div>\n\t\t\t\t<\/div>\n\t\t\t\t\t<\/div>\n\t\t\t\t<\/div>\n\t\t\t\t<\/div>","protected":false},"excerpt":{"rendered":"<p>Servicios Venta de prensa y revistas Disponemos de una selecci\u00f3n actualizada de peri\u00f3dicos de tirada nacional e internacional, as\u00ed como publicaciones locales y especializadas. Tambi\u00e9n ofrecemos revistas de diversas tem\u00e1ticas, incluyendo moda, deporte, tecnolog\u00eda, ciencia, historia, cine, videojuegos, gastronom\u00eda y m\u00e1s&#8230; Colecciones y art\u00edculos de colecci\u00f3n Nos especializamos en la venta de colecciones tem\u00e1ticas para [&hellip;]<\/p>\n","protected":false},"author":1,"featured_media":0,"parent":0,"menu_order":0,"comment_status":"closed","ping_status":"closed","template":"elementor_canvas","meta":{"_eb_attr":"","footnotes":""},"class_list":["post-40","page","type-page","status-publish","hentry"],"yoast_head":"<!-- This site is optimized with the Yoast SEO plugin v27.3 - https:\/\/yoast.com\/product\/yoast-seo-wordpress\/ -->\n<title>Servicios - Ikusi Makusi<\/title>\n<meta name=\"robots\" content=\"index, follow, max-snippet:-1, max-image-preview:large, max-video-preview:-1\" \/>\n<link rel=\"canonical\" href=\"https:\/\/ikusi-makusi-news.com\/eu\/servicios\/\" \/>\n<meta property=\"og:locale\" content=\"en_US\" \/>\n<meta property=\"og:type\" content=\"article\" \/>\n<meta property=\"og:title\" content=\"Servicios - Ikusi Makusi\" \/>\n<meta property=\"og:description\" content=\"Servicios Venta de prensa y revistas Disponemos de una selecci\u00f3n actualizada de peri\u00f3dicos de tirada nacional e internacional, as\u00ed como publicaciones locales y especializadas. Tambi\u00e9n ofrecemos revistas de diversas tem\u00e1ticas, incluyendo moda, deporte, tecnolog\u00eda, ciencia, historia, cine, videojuegos, gastronom\u00eda y m\u00e1s&#8230; Colecciones y art\u00edculos de colecci\u00f3n Nos especializamos en la venta de colecciones tem\u00e1ticas para [&hellip;]\" \/>\n<meta property=\"og:url\" content=\"https:\/\/ikusi-makusi-news.com\/eu\/servicios\/\" \/>\n<meta property=\"og:site_name\" content=\"Ikusi Makusi\" \/>\n<meta property=\"article:modified_time\" content=\"2025-11-07T15:30:21+00:00\" \/>\n<meta property=\"og:image\" content=\"https:\/\/ikusi-makusi-news.com\/wp-content\/uploads\/2025\/02\/revistaspila2-scaled.jpg\" \/>\n\t<meta property=\"og:image:width\" content=\"2560\" \/>\n\t<meta property=\"og:image:height\" content=\"1709\" \/>\n\t<meta property=\"og:image:type\" content=\"image\/jpeg\" \/>\n<meta name=\"twitter:card\" content=\"summary_large_image\" \/>\n<meta name=\"twitter:label1\" content=\"Est. reading time\" \/>\n\t<meta name=\"twitter:data1\" content=\"3 minutua\" \/>\n<script type=\"application\/ld+json\" class=\"yoast-schema-graph\">{\"@context\":\"https:\\\/\\\/schema.org\",\"@graph\":[{\"@type\":\"WebPage\",\"@id\":\"https:\\\/\\\/ikusi-makusi-news.com\\\/servicios\\\/\",\"url\":\"https:\\\/\\\/ikusi-makusi-news.com\\\/servicios\\\/\",\"name\":\"Servicios - Ikusi Makusi\",\"isPartOf\":{\"@id\":\"https:\\\/\\\/ikusi-makusi-news.com\\\/#website\"},\"primaryImageOfPage\":{\"@id\":\"https:\\\/\\\/ikusi-makusi-news.com\\\/servicios\\\/#primaryimage\"},\"image\":{\"@id\":\"https:\\\/\\\/ikusi-makusi-news.com\\\/servicios\\\/#primaryimage\"},\"thumbnailUrl\":\"https:\\\/\\\/ikusi-makusi-news.com\\\/wp-content\\\/uploads\\\/2025\\\/02\\\/revistaspila2-1024x684.jpg\",\"datePublished\":\"2025-02-25T10:07:36+00:00\",\"dateModified\":\"2025-11-07T15:30:21+00:00\",\"breadcrumb\":{\"@id\":\"https:\\\/\\\/ikusi-makusi-news.com\\\/servicios\\\/#breadcrumb\"},\"inLanguage\":\"eu\",\"potentialAction\":[{\"@type\":\"ReadAction\",\"target\":[\"https:\\\/\\\/ikusi-makusi-news.com\\\/servicios\\\/\"]}]},{\"@type\":\"ImageObject\",\"inLanguage\":\"eu\",\"@id\":\"https:\\\/\\\/ikusi-makusi-news.com\\\/servicios\\\/#primaryimage\",\"url\":\"https:\\\/\\\/ikusi-makusi-news.com\\\/wp-content\\\/uploads\\\/2025\\\/02\\\/revistaspila2-1024x684.jpg\",\"contentUrl\":\"https:\\\/\\\/ikusi-makusi-news.com\\\/wp-content\\\/uploads\\\/2025\\\/02\\\/revistaspila2-1024x684.jpg\"},{\"@type\":\"BreadcrumbList\",\"@id\":\"https:\\\/\\\/ikusi-makusi-news.com\\\/servicios\\\/#breadcrumb\",\"itemListElement\":[{\"@type\":\"ListItem\",\"position\":1,\"name\":\"Portada\",\"item\":\"https:\\\/\\\/ikusi-makusi-news.com\\\/\"},{\"@type\":\"ListItem\",\"position\":2,\"name\":\"Servicios\"}]},{\"@type\":\"WebSite\",\"@id\":\"https:\\\/\\\/ikusi-makusi-news.com\\\/#website\",\"url\":\"https:\\\/\\\/ikusi-makusi-news.com\\\/\",\"name\":\"Ikusi Makusi\",\"description\":\"Venta de revistas, peri\u00f3dicos y libros\",\"potentialAction\":[{\"@type\":\"SearchAction\",\"target\":{\"@type\":\"EntryPoint\",\"urlTemplate\":\"https:\\\/\\\/ikusi-makusi-news.com\\\/?s={search_term_string}\"},\"query-input\":{\"@type\":\"PropertyValueSpecification\",\"valueRequired\":true,\"valueName\":\"search_term_string\"}}],\"inLanguage\":\"eu\"}]}<\/script>\n<!-- \/ Yoast SEO plugin. -->","yoast_head_json":{"title":"Servicios - Ikusi Makusi","robots":{"index":"index","follow":"follow","max-snippet":"max-snippet:-1","max-image-preview":"max-image-preview:large","max-video-preview":"max-video-preview:-1"},"canonical":"https:\/\/ikusi-makusi-news.com\/eu\/servicios\/","og_locale":"en_US","og_type":"article","og_title":"Servicios - Ikusi Makusi","og_description":"Servicios Venta de prensa y revistas Disponemos de una selecci\u00f3n actualizada de peri\u00f3dicos de tirada nacional e internacional, as\u00ed como publicaciones locales y especializadas. Tambi\u00e9n ofrecemos revistas de diversas tem\u00e1ticas, incluyendo moda, deporte, tecnolog\u00eda, ciencia, historia, cine, videojuegos, gastronom\u00eda y m\u00e1s&#8230; Colecciones y art\u00edculos de colecci\u00f3n Nos especializamos en la venta de colecciones tem\u00e1ticas para [&hellip;]","og_url":"https:\/\/ikusi-makusi-news.com\/eu\/servicios\/","og_site_name":"Ikusi Makusi","article_modified_time":"2025-11-07T15:30:21+00:00","og_image":[{"width":2560,"height":1709,"url":"https:\/\/ikusi-makusi-news.com\/wp-content\/uploads\/2025\/02\/revistaspila2-scaled.jpg","type":"image\/jpeg"}],"twitter_card":"summary_large_image","twitter_misc":{"Est. reading time":"3 minutua"},"schema":{"@context":"https:\/\/schema.org","@graph":[{"@type":"WebPage","@id":"https:\/\/ikusi-makusi-news.com\/servicios\/","url":"https:\/\/ikusi-makusi-news.com\/servicios\/","name":"Servicios - Ikusi Makusi","isPartOf":{"@id":"https:\/\/ikusi-makusi-news.com\/#website"},"primaryImageOfPage":{"@id":"https:\/\/ikusi-makusi-news.com\/servicios\/#primaryimage"},"image":{"@id":"https:\/\/ikusi-makusi-news.com\/servicios\/#primaryimage"},"thumbnailUrl":"https:\/\/ikusi-makusi-news.com\/wp-content\/uploads\/2025\/02\/revistaspila2-1024x684.jpg","datePublished":"2025-02-25T10:07:36+00:00","dateModified":"2025-11-07T15:30:21+00:00","breadcrumb":{"@id":"https:\/\/ikusi-makusi-news.com\/servicios\/#breadcrumb"},"inLanguage":"eu","potentialAction":[{"@type":"ReadAction","target":["https:\/\/ikusi-makusi-news.com\/servicios\/"]}]},{"@type":"ImageObject","inLanguage":"eu","@id":"https:\/\/ikusi-makusi-news.com\/servicios\/#primaryimage","url":"https:\/\/ikusi-makusi-news.com\/wp-content\/uploads\/2025\/02\/revistaspila2-1024x684.jpg","contentUrl":"https:\/\/ikusi-makusi-news.com\/wp-content\/uploads\/2025\/02\/revistaspila2-1024x684.jpg"},{"@type":"BreadcrumbList","@id":"https:\/\/ikusi-makusi-news.com\/servicios\/#breadcrumb","itemListElement":[{"@type":"ListItem","position":1,"name":"Portada","item":"https:\/\/ikusi-makusi-news.com\/"},{"@type":"ListItem","position":2,"name":"Servicios"}]},{"@type":"WebSite","@id":"https:\/\/ikusi-makusi-news.com\/#website","url":"https:\/\/ikusi-makusi-news.com\/","name":"Ikusi Makusi","description":"Venta de revistas, peri\u00f3dicos y libros","potentialAction":[{"@type":"SearchAction","target":{"@type":"EntryPoint","urlTemplate":"https:\/\/ikusi-makusi-news.com\/?s={search_term_string}"},"query-input":{"@type":"PropertyValueSpecification","valueRequired":true,"valueName":"search_term_string"}}],"inLanguage":"eu"}]}},"_links":{"self":[{"href":"https:\/\/ikusi-makusi-news.com\/eu\/wp-json\/wp\/v2\/pages\/40","targetHints":{"allow":["GET"]}}],"collection":[{"href":"https:\/\/ikusi-makusi-news.com\/eu\/wp-json\/wp\/v2\/pages"}],"about":[{"href":"https:\/\/ikusi-makusi-news.com\/eu\/wp-json\/wp\/v2\/types\/page"}],"author":[{"embeddable":true,"href":"https:\/\/ikusi-makusi-news.com\/eu\/wp-json\/wp\/v2\/users\/1"}],"replies":[{"embeddable":true,"href":"https:\/\/ikusi-makusi-news.com\/eu\/wp-json\/wp\/v2\/comments?post=40"}],"version-history":[{"count":88,"href":"https:\/\/ikusi-makusi-news.com\/eu\/wp-json\/wp\/v2\/pages\/40\/revisions"}],"predecessor-version":[{"id":541,"href":"https:\/\/ikusi-makusi-news.com\/eu\/wp-json\/wp\/v2\/pages\/40\/revisions\/541"}],"wp:attachment":[{"href":"https:\/\/ikusi-makusi-news.com\/eu\/wp-json\/wp\/v2\/media?parent=40"}],"curies":[{"name":"wp","href":"https:\/\/api.w.org\/{rel}","templated":true}]}}