{"id":29,"date":"2025-02-25T10:00:47","date_gmt":"2025-02-25T10:00:47","guid":{"rendered":"https:\/\/ikusi-makusi-news.rkinformatika.online\/?page_id=29"},"modified":"2025-11-07T16:06:40","modified_gmt":"2025-11-07T16:06:40","slug":"inicio","status":"publish","type":"page","link":"https:\/\/ikusi-makusi-news.com\/eu\/","title":{"rendered":"Hasiera"},"content":{"rendered":"<div data-elementor-type=\"wp-post\" data-elementor-id=\"29\" class=\"elementor elementor-29\" data-elementor-post-type=\"page\">\n\t\t\t\t<div class=\"elementor-element elementor-element-64d954a e-flex e-con-boxed e-con e-parent\" data-id=\"64d954a\" data-element_type=\"container\" data-e-type=\"container\">\n\t\t\t\t\t<div class=\"e-con-inner\">\n\t\t\t\t<div class=\"elementor-element elementor-element-0b0f3c1 elementor-widget elementor-widget-heading\" data-id=\"0b0f3c1\" data-element_type=\"widget\" data-e-type=\"widget\" data-widget_type=\"heading.default\">\n\t\t\t\t<div class=\"elementor-widget-container\">\n\t\t\t\t\t<h2 class=\"elementor-heading-title elementor-size-default\">ENTRE NOVEDADES DE NOVIEMBRE<\/h2>\t\t\t\t<\/div>\n\t\t\t\t<\/div>\n\t\t\t\t\t<\/div>\n\t\t\t\t<\/div>\n\t\t<div class=\"elementor-element elementor-element-3e9e782 e-con-full e-flex e-con e-parent\" data-id=\"3e9e782\" data-element_type=\"container\" data-e-type=\"container\" data-settings=\"{&quot;background_background&quot;:&quot;video&quot;,&quot;background_video_link&quot;:&quot;https:\\\/\\\/www.youtube.com\\\/watch?v=koczZUbEnDU&quot;,&quot;background_play_on_mobile&quot;:&quot;yes&quot;}\">\n\t\t<div class=\"elementor-background-video-container\">\n\t\t\t\t\t\t\t<div class=\"elementor-background-video-embed\" role=\"presentation\"><\/div>\n\t\t\t\t\t\t<\/div>\t\t<\/div>\n\t\t<div class=\"elementor-element elementor-element-535ff06 e-flex e-con-boxed e-con e-parent\" data-id=\"535ff06\" data-element_type=\"container\" data-e-type=\"container\">\n\t\t\t\t\t<div class=\"e-con-inner\">\n\t\t<div class=\"elementor-element elementor-element-a6f091c e-con-full e-flex e-con e-child\" data-id=\"a6f091c\" data-element_type=\"container\" data-e-type=\"container\">\n\t\t\t\t<div class=\"elementor-element elementor-element-9430fe8 elementor-widget elementor-widget-heading\" data-id=\"9430fe8\" data-element_type=\"widget\" data-e-type=\"widget\" data-widget_type=\"heading.default\">\n\t\t\t\t<div class=\"elementor-widget-container\">\n\t\t\t\t\t<h2 class=\"elementor-heading-title elementor-size-default\">Guri buruz<\/h2>\t\t\t\t<\/div>\n\t\t\t\t<\/div>\n\t\t\t\t<div class=\"elementor-element elementor-element-1716daf elementor-widget elementor-widget-text-editor\" data-id=\"1716daf\" data-element_type=\"widget\" data-e-type=\"widget\" data-widget_type=\"text-editor.default\">\n\t\t\t\t<div class=\"elementor-widget-container\">\n\t\t\t\t\t\t\t\t\t<p data-start=\"0\" data-end=\"374\">Non <strong data-start=\"3\" data-end=\"19\">Ikusi Makusi<\/strong>, prentsarekin, literaturarekin eta bildumagintzarekin lotutako askotariko produktuen salmenta eta kudeaketa egiten dugu. Gaurkotasuneko egunkari eta aldizkariak merkaturatzen espezializatzen gara, prentsa generalistatik hasi eta kirola, moda, zientzia, teknologia eta entretenimendua bezalako gaietan espezializatutako argitalpenetaraino.<\/p><p data-start=\"376\" data-end=\"773\">Gainera, hainbat generotako liburuak eskaintzen ditugu, eleberriak, saiakerak, haur eta gazte literatura, besteak beste. Bildumazaleei zuzendutako bilduma tematiko ugariengatik ere nabarmentzen gara, hala nola superheroien irudiak, auto eta motorren eskalako modeloak, bildumako panpinak eta historiari, zientziari eta teknologiari buruzko faszikuluak.<\/p><p data-start=\"775\" data-end=\"1102\">Non <strong data-start=\"778\" data-end=\"794\">Ikusi Makusi<\/strong>Produktu horiek saltzeaz gain, gure bezeroei aholkularitza eskaintzen diegu, edizio espezifikoak edo bildumako artikuluak aurkitzen lagunduz. Stocka kudeatzen dugu, produktuak antolatu eta birjartzen ditugu, beti erakusketa ordenatua eta erakargarria mantenduz.<\/p><p data-start=\"1104\" data-end=\"1345\" data-is-last-node=\"\" data-is-only-node=\"\">Gure helburua da zerbitzu pertsonalizatua eta kalitatezkoa eskaintzea, gure bezeroei azken nobedadeen, merkaturatzeen eta edizio berezien berri emanez, erosketa esperientzia egokia eta osoa bermatuz.<\/p>\t\t\t\t\t\t\t\t<\/div>\n\t\t\t\t<\/div>\n\t\t\t\t<\/div>\n\t\t\t\t\t<\/div>\n\t\t\t\t<\/div>\n\t\t<div class=\"elementor-element elementor-element-e0c1051 e-flex e-con-boxed e-con e-parent\" data-id=\"e0c1051\" data-element_type=\"container\" data-e-type=\"container\">\n\t\t\t\t\t<div class=\"e-con-inner\">\n\t\t<div class=\"elementor-element elementor-element-7469e70 e-con-full e-flex e-con e-child\" data-id=\"7469e70\" data-element_type=\"container\" data-e-type=\"container\">\n\t\t\t\t<div class=\"elementor-element elementor-element-90c8ca1 elementor-widget elementor-widget-image\" data-id=\"90c8ca1\" data-element_type=\"widget\" data-e-type=\"widget\" data-widget_type=\"image.default\">\n\t\t\t\t<div class=\"elementor-widget-container\">\n\t\t\t\t\t\t\t\t\t\t\t\t\t\t\t<img fetchpriority=\"high\" decoding=\"async\" width=\"800\" height=\"534\" src=\"https:\/\/ikusi-makusi-news.com\/wp-content\/uploads\/2025\/02\/revistas-pila1-1024x683.jpg\" class=\"attachment-large size-large wp-image-121\" alt=\"\" srcset=\"https:\/\/ikusi-makusi-news.com\/wp-content\/uploads\/2025\/02\/revistas-pila1-1024x683.jpg 1024w, https:\/\/ikusi-makusi-news.com\/wp-content\/uploads\/2025\/02\/revistas-pila1-300x200.jpg 300w, https:\/\/ikusi-makusi-news.com\/wp-content\/uploads\/2025\/02\/revistas-pila1-768x513.jpg 768w, https:\/\/ikusi-makusi-news.com\/wp-content\/uploads\/2025\/02\/revistas-pila1-18x12.jpg 18w, https:\/\/ikusi-makusi-news.com\/wp-content\/uploads\/2025\/02\/revistas-pila1.jpg 1500w\" sizes=\"(max-width: 800px) 100vw, 800px\" \/>\t\t\t\t\t\t\t\t\t\t\t\t\t\t\t<\/div>\n\t\t\t\t<\/div>\n\t\t\t\t<\/div>\n\t\t<div class=\"elementor-element elementor-element-80af662 e-con-full e-flex e-con e-child\" data-id=\"80af662\" data-element_type=\"container\" data-e-type=\"container\">\n\t\t\t\t<div class=\"elementor-element elementor-element-f295f41 elementor-widget elementor-widget-heading\" data-id=\"f295f41\" data-element_type=\"widget\" data-e-type=\"widget\" data-widget_type=\"heading.default\">\n\t\t\t\t<div class=\"elementor-widget-container\">\n\t\t\t\t\t<h2 class=\"elementor-heading-title elementor-size-default\">A\u00f1ade aqu\u00ed tu texto de cabecera<\/h2>\t\t\t\t<\/div>\n\t\t\t\t<\/div>\n\t\t\t\t<div class=\"elementor-element elementor-element-99d9d46 elementor-widget elementor-widget-text-editor\" data-id=\"99d9d46\" data-element_type=\"widget\" data-e-type=\"widget\" data-widget_type=\"text-editor.default\">\n\t\t\t\t<div class=\"elementor-widget-container\">\n\t\t\t\t\t\t\t\t\t<p data-start=\"0\" data-end=\"352\"><strong data-start=\"0\" data-end=\"23\">National Geographic<\/strong> es una organizaci\u00f3n mundialmente reconocida dedicada a la exploraci\u00f3n, la ciencia, la educaci\u00f3n y la conservaci\u00f3n del medio ambiente. Fundada en 1888 en Washington D. C., Estados Unidos, comenz\u00f3 como una sociedad cient\u00edfica \u2014la <em data-start=\"252\" data-end=\"281\">National Geographic Society<\/em>\u2014 con el prop\u00f3sito de \u201caumentar y difundir el conocimiento geogr\u00e1fico\u201d.<\/p><p data-start=\"354\" data-end=\"673\">Su revista, <strong data-start=\"366\" data-end=\"398\">National Geographic Magazine<\/strong>, se hizo famosa por sus reportajes en profundidad y sus fotograf\u00edas impresionantes de naturaleza, culturas, historia y descubrimientos cient\u00edficos. A lo largo de los a\u00f1os, la marca se ha expandido a televisi\u00f3n, documentales, libros, contenido digital y proyectos educativos.<\/p>\t\t\t\t\t\t\t\t<\/div>\n\t\t\t\t<\/div>\n\t\t\t\t<\/div>\n\t\t\t\t\t<\/div>\n\t\t\t\t<\/div>\n\t\t\t\t<\/div>","protected":false},"excerpt":{"rendered":"<p>ENTRE NOVEDADES DE NOVIEMBRE Sobre nosotros En Ikusi Makusi, realizamos la venta y gesti\u00f3n de una amplia variedad de productos relacionados con la prensa, la literatura y el coleccionismo. Nos especializamos en la comercializaci\u00f3n de peri\u00f3dicos y revistas de actualidad, abarcando desde prensa generalista hasta publicaciones especializadas en tem\u00e1ticas como deporte, moda, ciencia, tecnolog\u00eda y [&hellip;]<\/p>\n","protected":false},"author":1,"featured_media":0,"parent":0,"menu_order":0,"comment_status":"closed","ping_status":"closed","template":"elementor_canvas","meta":{"_eb_attr":"","footnotes":""},"class_list":["post-29","page","type-page","status-publish","hentry"],"yoast_head":"<!-- This site is optimized with the Yoast SEO plugin v27.3 - https:\/\/yoast.com\/product\/yoast-seo-wordpress\/ -->\n<title>Inicio - Ikusi Makusi<\/title>\n<meta name=\"robots\" content=\"index, follow, max-snippet:-1, max-image-preview:large, max-video-preview:-1\" \/>\n<link rel=\"canonical\" href=\"https:\/\/ikusi-makusi-news.com\/eu\/\" \/>\n<meta property=\"og:locale\" content=\"en_US\" \/>\n<meta property=\"og:type\" content=\"article\" \/>\n<meta property=\"og:title\" content=\"Inicio - Ikusi Makusi\" \/>\n<meta property=\"og:description\" content=\"ENTRE NOVEDADES DE NOVIEMBRE Sobre nosotros En Ikusi Makusi, realizamos la venta y gesti\u00f3n de una amplia variedad de productos relacionados con la prensa, la literatura y el coleccionismo. Nos especializamos en la comercializaci\u00f3n de peri\u00f3dicos y revistas de actualidad, abarcando desde prensa generalista hasta publicaciones especializadas en tem\u00e1ticas como deporte, moda, ciencia, tecnolog\u00eda y [&hellip;]\" \/>\n<meta property=\"og:url\" content=\"https:\/\/ikusi-makusi-news.com\/eu\/\" \/>\n<meta property=\"og:site_name\" content=\"Ikusi Makusi\" \/>\n<meta property=\"article:modified_time\" content=\"2025-11-07T16:06:40+00:00\" \/>\n<meta property=\"og:image\" content=\"https:\/\/ikusi-makusi-news.com\/wp-content\/uploads\/2025\/02\/revistas-pila1.jpg\" \/>\n\t<meta property=\"og:image:width\" content=\"1500\" \/>\n\t<meta property=\"og:image:height\" content=\"1001\" \/>\n\t<meta property=\"og:image:type\" content=\"image\/jpeg\" \/>\n<meta name=\"twitter:card\" content=\"summary_large_image\" \/>\n<meta name=\"twitter:label1\" content=\"Est. reading time\" \/>\n\t<meta name=\"twitter:data1\" content=\"2 minutua\" \/>\n<script type=\"application\/ld+json\" class=\"yoast-schema-graph\">{\"@context\":\"https:\\\/\\\/schema.org\",\"@graph\":[{\"@type\":\"WebPage\",\"@id\":\"https:\\\/\\\/ikusi-makusi-news.com\\\/\",\"url\":\"https:\\\/\\\/ikusi-makusi-news.com\\\/\",\"name\":\"Inicio - Ikusi Makusi\",\"isPartOf\":{\"@id\":\"https:\\\/\\\/ikusi-makusi-news.com\\\/#website\"},\"primaryImageOfPage\":{\"@id\":\"https:\\\/\\\/ikusi-makusi-news.com\\\/#primaryimage\"},\"image\":{\"@id\":\"https:\\\/\\\/ikusi-makusi-news.com\\\/#primaryimage\"},\"thumbnailUrl\":\"https:\\\/\\\/ikusi-makusi-news.com\\\/wp-content\\\/uploads\\\/2025\\\/02\\\/revistas-pila1-1024x683.jpg\",\"datePublished\":\"2025-02-25T10:00:47+00:00\",\"dateModified\":\"2025-11-07T16:06:40+00:00\",\"breadcrumb\":{\"@id\":\"https:\\\/\\\/ikusi-makusi-news.com\\\/#breadcrumb\"},\"inLanguage\":\"eu\",\"potentialAction\":[{\"@type\":\"ReadAction\",\"target\":[\"https:\\\/\\\/ikusi-makusi-news.com\\\/\"]}]},{\"@type\":\"ImageObject\",\"inLanguage\":\"eu\",\"@id\":\"https:\\\/\\\/ikusi-makusi-news.com\\\/#primaryimage\",\"url\":\"https:\\\/\\\/ikusi-makusi-news.com\\\/wp-content\\\/uploads\\\/2025\\\/02\\\/revistas-pila1-1024x683.jpg\",\"contentUrl\":\"https:\\\/\\\/ikusi-makusi-news.com\\\/wp-content\\\/uploads\\\/2025\\\/02\\\/revistas-pila1-1024x683.jpg\"},{\"@type\":\"BreadcrumbList\",\"@id\":\"https:\\\/\\\/ikusi-makusi-news.com\\\/#breadcrumb\",\"itemListElement\":[{\"@type\":\"ListItem\",\"position\":1,\"name\":\"Portada\",\"item\":\"https:\\\/\\\/ikusi-makusi-news.com\\\/\"},{\"@type\":\"ListItem\",\"position\":2,\"name\":\"Inicio\"}]},{\"@type\":\"WebSite\",\"@id\":\"https:\\\/\\\/ikusi-makusi-news.com\\\/#website\",\"url\":\"https:\\\/\\\/ikusi-makusi-news.com\\\/\",\"name\":\"Ikusi Makusi\",\"description\":\"Venta de revistas, peri\u00f3dicos y libros\",\"potentialAction\":[{\"@type\":\"SearchAction\",\"target\":{\"@type\":\"EntryPoint\",\"urlTemplate\":\"https:\\\/\\\/ikusi-makusi-news.com\\\/?s={search_term_string}\"},\"query-input\":{\"@type\":\"PropertyValueSpecification\",\"valueRequired\":true,\"valueName\":\"search_term_string\"}}],\"inLanguage\":\"eu\"}]}<\/script>\n<!-- \/ Yoast SEO plugin. -->","yoast_head_json":{"title":"Inicio - Ikusi Makusi","robots":{"index":"index","follow":"follow","max-snippet":"max-snippet:-1","max-image-preview":"max-image-preview:large","max-video-preview":"max-video-preview:-1"},"canonical":"https:\/\/ikusi-makusi-news.com\/eu\/","og_locale":"en_US","og_type":"article","og_title":"Inicio - Ikusi Makusi","og_description":"ENTRE NOVEDADES DE NOVIEMBRE Sobre nosotros En Ikusi Makusi, realizamos la venta y gesti\u00f3n de una amplia variedad de productos relacionados con la prensa, la literatura y el coleccionismo. Nos especializamos en la comercializaci\u00f3n de peri\u00f3dicos y revistas de actualidad, abarcando desde prensa generalista hasta publicaciones especializadas en tem\u00e1ticas como deporte, moda, ciencia, tecnolog\u00eda y [&hellip;]","og_url":"https:\/\/ikusi-makusi-news.com\/eu\/","og_site_name":"Ikusi Makusi","article_modified_time":"2025-11-07T16:06:40+00:00","og_image":[{"width":1500,"height":1001,"url":"https:\/\/ikusi-makusi-news.com\/wp-content\/uploads\/2025\/02\/revistas-pila1.jpg","type":"image\/jpeg"}],"twitter_card":"summary_large_image","twitter_misc":{"Est. reading time":"2 minutua"},"schema":{"@context":"https:\/\/schema.org","@graph":[{"@type":"WebPage","@id":"https:\/\/ikusi-makusi-news.com\/","url":"https:\/\/ikusi-makusi-news.com\/","name":"Inicio - Ikusi Makusi","isPartOf":{"@id":"https:\/\/ikusi-makusi-news.com\/#website"},"primaryImageOfPage":{"@id":"https:\/\/ikusi-makusi-news.com\/#primaryimage"},"image":{"@id":"https:\/\/ikusi-makusi-news.com\/#primaryimage"},"thumbnailUrl":"https:\/\/ikusi-makusi-news.com\/wp-content\/uploads\/2025\/02\/revistas-pila1-1024x683.jpg","datePublished":"2025-02-25T10:00:47+00:00","dateModified":"2025-11-07T16:06:40+00:00","breadcrumb":{"@id":"https:\/\/ikusi-makusi-news.com\/#breadcrumb"},"inLanguage":"eu","potentialAction":[{"@type":"ReadAction","target":["https:\/\/ikusi-makusi-news.com\/"]}]},{"@type":"ImageObject","inLanguage":"eu","@id":"https:\/\/ikusi-makusi-news.com\/#primaryimage","url":"https:\/\/ikusi-makusi-news.com\/wp-content\/uploads\/2025\/02\/revistas-pila1-1024x683.jpg","contentUrl":"https:\/\/ikusi-makusi-news.com\/wp-content\/uploads\/2025\/02\/revistas-pila1-1024x683.jpg"},{"@type":"BreadcrumbList","@id":"https:\/\/ikusi-makusi-news.com\/#breadcrumb","itemListElement":[{"@type":"ListItem","position":1,"name":"Portada","item":"https:\/\/ikusi-makusi-news.com\/"},{"@type":"ListItem","position":2,"name":"Inicio"}]},{"@type":"WebSite","@id":"https:\/\/ikusi-makusi-news.com\/#website","url":"https:\/\/ikusi-makusi-news.com\/","name":"Ikusi Makusi","description":"Venta de revistas, peri\u00f3dicos y libros","potentialAction":[{"@type":"SearchAction","target":{"@type":"EntryPoint","urlTemplate":"https:\/\/ikusi-makusi-news.com\/?s={search_term_string}"},"query-input":{"@type":"PropertyValueSpecification","valueRequired":true,"valueName":"search_term_string"}}],"inLanguage":"eu"}]}},"_links":{"self":[{"href":"https:\/\/ikusi-makusi-news.com\/eu\/wp-json\/wp\/v2\/pages\/29","targetHints":{"allow":["GET"]}}],"collection":[{"href":"https:\/\/ikusi-makusi-news.com\/eu\/wp-json\/wp\/v2\/pages"}],"about":[{"href":"https:\/\/ikusi-makusi-news.com\/eu\/wp-json\/wp\/v2\/types\/page"}],"author":[{"embeddable":true,"href":"https:\/\/ikusi-makusi-news.com\/eu\/wp-json\/wp\/v2\/users\/1"}],"replies":[{"embeddable":true,"href":"https:\/\/ikusi-makusi-news.com\/eu\/wp-json\/wp\/v2\/comments?post=29"}],"version-history":[{"count":107,"href":"https:\/\/ikusi-makusi-news.com\/eu\/wp-json\/wp\/v2\/pages\/29\/revisions"}],"predecessor-version":[{"id":576,"href":"https:\/\/ikusi-makusi-news.com\/eu\/wp-json\/wp\/v2\/pages\/29\/revisions\/576"}],"wp:attachment":[{"href":"https:\/\/ikusi-makusi-news.com\/eu\/wp-json\/wp\/v2\/media?parent=29"}],"curies":[{"name":"wp","href":"https:\/\/api.w.org\/{rel}","templated":true}]}}